{"id":74,"date":"2016-09-05T09:55:29","date_gmt":"2016-09-05T09:55:29","guid":{"rendered":"http:\/\/www.grupooboe.com\/?page_id=74"},"modified":"2019-01-30T12:04:42","modified_gmt":"2019-01-30T12:04:42","slug":"fabricacion-de-rotulos-luminosos","status":"publish","type":"page","link":"https:\/\/www.grupooboe.com\/?page_id=74","title":{"rendered":"Fabricaci\u00f3n de R\u00f3tulos Luminosos"},"content":{"rendered":"\n<p style=\"font-size:18px\">Utilizamos diferentes materiales en la fabricaci\u00f3n de r\u00f3tulos luminosos, aluminio lacado con el frontal de metacrilato, lona, opacos de cualquier medida o tipo, etc, eligiendo siempre el que mejor se adapte a las necesidades de nuestros clientes.<br><\/p>\n\n\n\n<p style=\"font-size:18px\"><br>\u00b7 Fabricaci\u00f3n de r\u00f3tulos de ne\u00f3n.<br>\u00b7 Callejeros.<br>\u00b7 R\u00f3tulos luminosos con sujeci\u00f3n al suelo o en tiendas y locales comerciales.<\/p>\n\n\n\n<div style=\"height:50px\" aria-hidden=\"true\" class=\"wp-block-spacer\"><\/div>\n\n\n\n<div class=\"wp-block-columns has-2-columns\">\n<div class=\"wp-block-column\">\n<div class=\"wp-block-button alignright is-style-squared\"><a class=\"wp-block-button__link has-background\" href=\"http:\/\/www.grupooboe.com\/?page_id=792\" style=\"background-color:#642274\">Ver m\u00e1s<\/a><\/div>\n<\/div>\n\n\n\n<div class=\"wp-block-column\">\n<div class=\"wp-block-button alignleft is-style-squared\"><a class=\"wp-block-button__link has-background\" href=\"http:\/\/www.grupooboe.com\/\" style=\"background-color:#642274\">Inicio<\/a><\/div>\n<\/div>\n<\/div>\n\n\n\n<div style=\"height:150px\" aria-hidden=\"true\" class=\"wp-block-spacer\"><\/div>\n","protected":false},"excerpt":{"rendered":"<p>Utilizamos diferentes materiales en la fabricaci\u00f3n de r\u00f3tulos luminosos, aluminio lacado con el frontal de metacrilato, lona, opacos de cualquier medida o tipo, etc, eligiendo siempre el que mejor se adapte a las necesidades de nuestros clientes. \u00b7 Fabricaci\u00f3n de<\/p>\n","protected":false},"author":1,"featured_media":0,"parent":70,"menu_order":4,"comment_status":"closed","ping_status":"closed","template":"","meta":[],"_links":{"self":[{"href":"https:\/\/www.grupooboe.com\/index.php?rest_route=\/wp\/v2\/pages\/74"}],"collection":[{"href":"https:\/\/www.grupooboe.com\/index.php?rest_route=\/wp\/v2\/pages"}],"about":[{"href":"https:\/\/www.grupooboe.com\/index.php?rest_route=\/wp\/v2\/types\/page"}],"author":[{"embeddable":true,"href":"https:\/\/www.grupooboe.com\/index.php?rest_route=\/wp\/v2\/users\/1"}],"replies":[{"embeddable":true,"href":"https:\/\/www.grupooboe.com\/index.php?rest_route=%2Fwp%2Fv2%2Fcomments&post=74"}],"version-history":[{"count":11,"href":"https:\/\/www.grupooboe.com\/index.php?rest_route=\/wp\/v2\/pages\/74\/revisions"}],"predecessor-version":[{"id":820,"href":"https:\/\/www.grupooboe.com\/index.php?rest_route=\/wp\/v2\/pages\/74\/revisions\/820"}],"up":[{"embeddable":true,"href":"https:\/\/www.grupooboe.com\/index.php?rest_route=\/wp\/v2\/pages\/70"}],"wp:attachment":[{"href":"https:\/\/www.grupooboe.com\/index.php?rest_route=%2Fwp%2Fv2%2Fmedia&parent=74"}],"curies":[{"name":"wp","href":"https:\/\/api.w.org\/{rel}","templated":true}]}}